{"id":226,"date":"2024-03-02T08:09:37","date_gmt":"2024-03-02T07:09:37","guid":{"rendered":"https:\/\/www.hps-consulting.at\/?page_id=226"},"modified":"2024-10-15T21:27:30","modified_gmt":"2024-10-15T19:27:30","slug":"berufsorientierung","status":"publish","type":"page","link":"https:\/\/www.nms-staw.at\/wordpress\/berufsorientierung\/","title":{"rendered":"BERUFSORIENTIERUNG"},"content":{"rendered":"<p>\u00a0<\/p>\n<h2>St\u00e4rkenerkennen <\/h2>\n<h2>\u00a0<\/h2>\n<p>Die Berufsorientierung liegt uns am Herzen, mit unseren vielf\u00e4ltigen Angeboten wollen wir die Jugendlichen beim Erkennen ihrer St\u00e4rken und Talente unterst\u00fctzen und sie bei der Berufs- und Ausbildungswahl begleiten.<br \/>\nDas Fach Bildungs- und Berufsorientierung wird als verbindliche \u00dcbung in den 3. Klassen angeboten, in der 3. + 4. Klasse werden BO-Inhalte integrativ auch in weiteren Unterrichtsgegenst\u00e4nden unterrichtet. Unsere Arbeit wurde mit dem G\u00fctesiegel f\u00fcr Berufsorientierung ausgezeichnet.<br \/>\n<img decoding=\"async\" src=\"https:\/\/www.hps-consulting.at\/wp-content\/uploads\/2024\/03\/berufsorientierung-2-375x500.jpg\" alt=\"\" \/>\u00a0<\/p>\n<h2>Talentef\u00f6rdern<\/h2>\n<h2>\u00a0<\/h2>\n<p>Unsere Aktivit\u00e4ten im \u00dcberblick:<\/p>\n<p>BO-Mappe ,,Mein Beruf \u2013 Meine Zukunft\u201d<\/p>\n<p>BO-Infoabend<\/p>\n<p>N\u00d6 Begabungskompass<\/p>\n<p>Interessens- und St\u00e4rkenworkshop<\/p>\n<p>Bewerbungstraining<\/p>\n<p>Betriebserkundungen<\/p>\n<p>Schulerkundungen<\/p>\n<p>AK Berufsinfomesse Zukunft-Arbeit-Leben<\/p>\n<p>Girls\u2019 Day<\/p>\n<p>Boys\u2019 Day<\/p>\n<p>Berufspraktische Tage<\/p>\n<p>Individuelle Schnuppertage<\/p>\n<p>\u00a0<\/p>\n","protected":false},"excerpt":{"rendered":"<p>\u00a0 St\u00e4rkenerkennen \u00a0 Die Berufsorientierung liegt uns am Herzen, mit unseren vielf\u00e4ltigen Angeboten wollen wir die Jugendlichen beim Erkennen ihrer St\u00e4rken und Talente unterst\u00fctzen und sie<span class=\"excerpt-hellip\"> [\u2026]<\/span><\/p>\n","protected":false},"author":1,"featured_media":0,"parent":0,"menu_order":0,"comment_status":"open","ping_status":"closed","template":"","meta":{"footnotes":""},"class_list":["post-226","page","type-page","status-publish","hentry"],"yoast_head":"<!-- This site is optimized with the Yoast SEO plugin v27.4 - https:\/\/yoast.com\/product\/yoast-seo-wordpress\/ -->\n<title>BERUFSORIENTIERUNG - N\u00d6 Informatik Mittelschule St. Andr\u00e4-W\u00f6rdern<\/title>\n<meta name=\"description\" content=\"Begleitung bei der Berufsorientierung. St\u00e4rken erkennen und Talente f\u00f6rdern. Auszeichnung mit dem G\u00fctesiegel f\u00fcr Berufsorientierung.\" \/>\n<meta name=\"robots\" content=\"index, follow, max-snippet:-1, max-image-preview:large, max-video-preview:-1\" \/>\n<link rel=\"canonical\" href=\"https:\/\/www.nms-staw.at\/wordpress\/berufsorientierung\/\" \/>\n<meta property=\"og:locale\" content=\"de_DE\" \/>\n<meta property=\"og:type\" content=\"article\" \/>\n<meta property=\"og:title\" content=\"BERUFSORIENTIERUNG - N\u00d6 Informatik Mittelschule St. Andr\u00e4-W\u00f6rdern\" \/>\n<meta property=\"og:description\" content=\"Begleitung bei der Berufsorientierung. St\u00e4rken erkennen und Talente f\u00f6rdern. Auszeichnung mit dem G\u00fctesiegel f\u00fcr Berufsorientierung.\" \/>\n<meta property=\"og:url\" content=\"https:\/\/www.nms-staw.at\/wordpress\/berufsorientierung\/\" \/>\n<meta property=\"og:site_name\" content=\"N\u00d6 Informatik Mittelschule St. Andr\u00e4-W\u00f6rdern\" \/>\n<meta property=\"article:modified_time\" content=\"2024-10-15T19:27:30+00:00\" \/>\n<meta property=\"og:image\" content=\"https:\/\/www.hps-consulting.at\/wp-content\/uploads\/2024\/03\/berufsorientierung-2-375x500.jpg\" \/>\n<meta name=\"twitter:card\" content=\"summary_large_image\" \/>\n<meta name=\"twitter:label1\" content=\"Gesch\u00e4tzte Lesezeit\" \/>\n\t<meta name=\"twitter:data1\" content=\"1 Minute\" \/>\n<script type=\"application\/ld+json\" class=\"yoast-schema-graph\">{\"@context\":\"https:\\\/\\\/schema.org\",\"@graph\":[{\"@type\":\"WebPage\",\"@id\":\"https:\\\/\\\/www.nms-staw.at\\\/wordpress\\\/berufsorientierung\\\/\",\"url\":\"https:\\\/\\\/www.nms-staw.at\\\/wordpress\\\/berufsorientierung\\\/\",\"name\":\"BERUFSORIENTIERUNG - N\u00d6 Informatik Mittelschule St. Andr\u00e4-W\u00f6rdern\",\"isPartOf\":{\"@id\":\"https:\\\/\\\/www.nms-staw.at\\\/wordpress\\\/#website\"},\"primaryImageOfPage\":{\"@id\":\"https:\\\/\\\/www.nms-staw.at\\\/wordpress\\\/berufsorientierung\\\/#primaryimage\"},\"image\":{\"@id\":\"https:\\\/\\\/www.nms-staw.at\\\/wordpress\\\/berufsorientierung\\\/#primaryimage\"},\"thumbnailUrl\":\"https:\\\/\\\/www.hps-consulting.at\\\/wp-content\\\/uploads\\\/2024\\\/03\\\/berufsorientierung-2-375x500.jpg\",\"datePublished\":\"2024-03-02T07:09:37+00:00\",\"dateModified\":\"2024-10-15T19:27:30+00:00\",\"description\":\"Begleitung bei der Berufsorientierung. St\u00e4rken erkennen und Talente f\u00f6rdern. Auszeichnung mit dem G\u00fctesiegel f\u00fcr Berufsorientierung.\",\"breadcrumb\":{\"@id\":\"https:\\\/\\\/www.nms-staw.at\\\/wordpress\\\/berufsorientierung\\\/#breadcrumb\"},\"inLanguage\":\"de-AT\",\"potentialAction\":[{\"@type\":\"ReadAction\",\"target\":[\"https:\\\/\\\/www.nms-staw.at\\\/wordpress\\\/berufsorientierung\\\/\"]}]},{\"@type\":\"ImageObject\",\"inLanguage\":\"de-AT\",\"@id\":\"https:\\\/\\\/www.nms-staw.at\\\/wordpress\\\/berufsorientierung\\\/#primaryimage\",\"url\":\"https:\\\/\\\/www.hps-consulting.at\\\/wp-content\\\/uploads\\\/2024\\\/03\\\/berufsorientierung-2-375x500.jpg\",\"contentUrl\":\"https:\\\/\\\/www.hps-consulting.at\\\/wp-content\\\/uploads\\\/2024\\\/03\\\/berufsorientierung-2-375x500.jpg\"},{\"@type\":\"BreadcrumbList\",\"@id\":\"https:\\\/\\\/www.nms-staw.at\\\/wordpress\\\/berufsorientierung\\\/#breadcrumb\",\"itemListElement\":[{\"@type\":\"ListItem\",\"position\":1,\"name\":\"Startseite\",\"item\":\"https:\\\/\\\/www.nms-staw.at\\\/wordpress\\\/\"},{\"@type\":\"ListItem\",\"position\":2,\"name\":\"BERUFSORIENTIERUNG\"}]},{\"@type\":\"WebSite\",\"@id\":\"https:\\\/\\\/www.nms-staw.at\\\/wordpress\\\/#website\",\"url\":\"https:\\\/\\\/www.nms-staw.at\\\/wordpress\\\/\",\"name\":\"N\u00d6 Informatik Mittelschule St. Andr\u00e4-W\u00f6rdern\",\"description\":\"Eine weitere WordPress-Website\",\"potentialAction\":[{\"@type\":\"SearchAction\",\"target\":{\"@type\":\"EntryPoint\",\"urlTemplate\":\"https:\\\/\\\/www.nms-staw.at\\\/wordpress\\\/?s={search_term_string}\"},\"query-input\":{\"@type\":\"PropertyValueSpecification\",\"valueRequired\":true,\"valueName\":\"search_term_string\"}}],\"inLanguage\":\"de-AT\"}]}<\/script>\n<!-- \/ Yoast SEO plugin. -->","yoast_head_json":{"title":"BERUFSORIENTIERUNG - N\u00d6 Informatik Mittelschule St. Andr\u00e4-W\u00f6rdern","description":"Begleitung bei der Berufsorientierung. St\u00e4rken erkennen und Talente f\u00f6rdern. Auszeichnung mit dem G\u00fctesiegel f\u00fcr Berufsorientierung.","robots":{"index":"index","follow":"follow","max-snippet":"max-snippet:-1","max-image-preview":"max-image-preview:large","max-video-preview":"max-video-preview:-1"},"canonical":"https:\/\/www.nms-staw.at\/wordpress\/berufsorientierung\/","og_locale":"de_DE","og_type":"article","og_title":"BERUFSORIENTIERUNG - N\u00d6 Informatik Mittelschule St. Andr\u00e4-W\u00f6rdern","og_description":"Begleitung bei der Berufsorientierung. St\u00e4rken erkennen und Talente f\u00f6rdern. Auszeichnung mit dem G\u00fctesiegel f\u00fcr Berufsorientierung.","og_url":"https:\/\/www.nms-staw.at\/wordpress\/berufsorientierung\/","og_site_name":"N\u00d6 Informatik Mittelschule St. Andr\u00e4-W\u00f6rdern","article_modified_time":"2024-10-15T19:27:30+00:00","og_image":[{"url":"https:\/\/www.hps-consulting.at\/wp-content\/uploads\/2024\/03\/berufsorientierung-2-375x500.jpg","type":"","width":"","height":""}],"twitter_card":"summary_large_image","twitter_misc":{"Gesch\u00e4tzte Lesezeit":"1 Minute"},"schema":{"@context":"https:\/\/schema.org","@graph":[{"@type":"WebPage","@id":"https:\/\/www.nms-staw.at\/wordpress\/berufsorientierung\/","url":"https:\/\/www.nms-staw.at\/wordpress\/berufsorientierung\/","name":"BERUFSORIENTIERUNG - N\u00d6 Informatik Mittelschule St. Andr\u00e4-W\u00f6rdern","isPartOf":{"@id":"https:\/\/www.nms-staw.at\/wordpress\/#website"},"primaryImageOfPage":{"@id":"https:\/\/www.nms-staw.at\/wordpress\/berufsorientierung\/#primaryimage"},"image":{"@id":"https:\/\/www.nms-staw.at\/wordpress\/berufsorientierung\/#primaryimage"},"thumbnailUrl":"https:\/\/www.hps-consulting.at\/wp-content\/uploads\/2024\/03\/berufsorientierung-2-375x500.jpg","datePublished":"2024-03-02T07:09:37+00:00","dateModified":"2024-10-15T19:27:30+00:00","description":"Begleitung bei der Berufsorientierung. St\u00e4rken erkennen und Talente f\u00f6rdern. Auszeichnung mit dem G\u00fctesiegel f\u00fcr Berufsorientierung.","breadcrumb":{"@id":"https:\/\/www.nms-staw.at\/wordpress\/berufsorientierung\/#breadcrumb"},"inLanguage":"de-AT","potentialAction":[{"@type":"ReadAction","target":["https:\/\/www.nms-staw.at\/wordpress\/berufsorientierung\/"]}]},{"@type":"ImageObject","inLanguage":"de-AT","@id":"https:\/\/www.nms-staw.at\/wordpress\/berufsorientierung\/#primaryimage","url":"https:\/\/www.hps-consulting.at\/wp-content\/uploads\/2024\/03\/berufsorientierung-2-375x500.jpg","contentUrl":"https:\/\/www.hps-consulting.at\/wp-content\/uploads\/2024\/03\/berufsorientierung-2-375x500.jpg"},{"@type":"BreadcrumbList","@id":"https:\/\/www.nms-staw.at\/wordpress\/berufsorientierung\/#breadcrumb","itemListElement":[{"@type":"ListItem","position":1,"name":"Startseite","item":"https:\/\/www.nms-staw.at\/wordpress\/"},{"@type":"ListItem","position":2,"name":"BERUFSORIENTIERUNG"}]},{"@type":"WebSite","@id":"https:\/\/www.nms-staw.at\/wordpress\/#website","url":"https:\/\/www.nms-staw.at\/wordpress\/","name":"N\u00d6 Informatik Mittelschule St. Andr\u00e4-W\u00f6rdern","description":"Eine weitere WordPress-Website","potentialAction":[{"@type":"SearchAction","target":{"@type":"EntryPoint","urlTemplate":"https:\/\/www.nms-staw.at\/wordpress\/?s={search_term_string}"},"query-input":{"@type":"PropertyValueSpecification","valueRequired":true,"valueName":"search_term_string"}}],"inLanguage":"de-AT"}]}},"_links":{"self":[{"href":"https:\/\/www.nms-staw.at\/wordpress\/wp-json\/wp\/v2\/pages\/226","targetHints":{"allow":["GET"]}}],"collection":[{"href":"https:\/\/www.nms-staw.at\/wordpress\/wp-json\/wp\/v2\/pages"}],"about":[{"href":"https:\/\/www.nms-staw.at\/wordpress\/wp-json\/wp\/v2\/types\/page"}],"author":[{"embeddable":true,"href":"https:\/\/www.nms-staw.at\/wordpress\/wp-json\/wp\/v2\/users\/1"}],"replies":[{"embeddable":true,"href":"https:\/\/www.nms-staw.at\/wordpress\/wp-json\/wp\/v2\/comments?post=226"}],"version-history":[{"count":2,"href":"https:\/\/www.nms-staw.at\/wordpress\/wp-json\/wp\/v2\/pages\/226\/revisions"}],"predecessor-version":[{"id":693,"href":"https:\/\/www.nms-staw.at\/wordpress\/wp-json\/wp\/v2\/pages\/226\/revisions\/693"}],"wp:attachment":[{"href":"https:\/\/www.nms-staw.at\/wordpress\/wp-json\/wp\/v2\/media?parent=226"}],"curies":[{"name":"wp","href":"https:\/\/api.w.org\/{rel}","templated":true}]}}