{"id":2,"date":"2018-08-29T07:29:34","date_gmt":"2018-08-29T07:29:34","guid":{"rendered":"https:\/\/www.hps-consulting.at\/?page_id=2"},"modified":"2025-11-10T14:28:37","modified_gmt":"2025-11-10T13:28:37","slug":"home","status":"publish","type":"page","link":"https:\/\/www.nms-staw.at\/wordpress\/","title":{"rendered":"IT MS ST. ANDR\u00c4-W\u00d6RDERN"},"content":{"rendered":"<h2>HERZLICH WILLKOMMEN<\/h2>\n<h3>auf der Homepage der Informatik-Mittelschule St. Andr\u00e4-W\u00f6rdern!<\/h3>\n<p>Als Direktorin freut es mich sehr, Sie auf unserer neuen Website begr\u00fc\u00dfen zu d\u00fcrfen.<br \/>\nAuf unserer Homepage finden Sie wichtige Informationen zu unserem Lehrplan, den vielf\u00e4ltigen Projekten, unserem Team, dem p\u00e4dagogischen Konzept sowie den vielf\u00e4ltigen Aktivit\u00e4ten und Projekten, welche von unseren Sch\u00fclerinnen und Sch\u00fclern aktiv mitgestaltet werden. Zus\u00e4tzlich gew\u00e4hren wir interessante Einblicke in das aktuelle Schulleben.<br \/>\nVielen Dank f\u00fcr Ihr Interesse und viel Freude beim Erkunden unseres Angebotes.<br \/>\n<img decoding=\"async\" src=\"https:\/\/www.hps-consulting.at\/wp-content\/uploads\/2024\/02\/Nagl-Eder-home-500x500.png\" alt=\"\" \/><\/p>\n<p>Christl Nagl-EderDirektorin<\/p>\n<h2><\/h2>\n<p><img decoding=\"async\" src=\"https:\/\/www.nms-staw.at\/wordpress\/wp-content\/uploads\/2024\/05\/IT-MS-Sankt-Andrae-Woerdern_home1.jpg\" alt=\"\" \/><br \/>\n<a title=\"\" href=\"https:\/\/www.nms-staw.at\/wordpress\/unsere-schule\/\" target=\"_blank\" rel=\"noopener\">UNSERE SCHULE<\/a><\/p>\n<h3>ANMELDUNG<\/h3>\n<p>Hier finden Sie Informationen und Formulare f\u00fcr die Anmeldung an unserer Schule.<br \/>\n<a title=\"\" href=\"https:\/\/www.nms-staw.at\/wordpress\/anmeldung\">ANMELDUNG<\/a><\/p>\n<h3>TERMINE<\/h3>\n<p>In unserem teamup Schulkalender finden Sie alle wichtigen Termine auf einen Blick.<br \/>\n<a title=\"\" href=\"https:\/\/www.nms-staw.at\/wordpress\/termine\">ZUM KALENDER<\/a><\/p>\n<h3>KLASSEN<\/h3>\n<p>Unsere Klassen im SJ 2023\/2024.Hier finden Sie unsere Klassenfotos.<\/p>\n<p><a title=\"\" href=\"https:\/\/www.nms-staw.at\/wordpress\/klassen\">KLASSENFOTOS<\/a><\/p>\n<h2>UNSER ANGEBOT<\/h2>\n<h3>Ausbildung f\u00fcr eine erfolgreiche Zukunft.<\/h3>\n<h3><a href=\"\/lesefoerderung\/\" target=\"_blank\" rel=\"noopener\">INFORMATIK<\/a><\/h3>\n<p>Als eEducation Expertschule legen wir gro\u00dfen Wert auf eine umfassende IT Ausbildung unserer Sch\u00fclerInnen.<\/p>\n<h3><a href=\"\/lesefoerderung\/\" target=\"_blank\" rel=\"noopener\">LESEF\u00d6RDERUNG<\/a><\/h3>\n<p>Die bestm\u00f6gliche Entwicklung der Leistungspotenziale in den Bereichen Lesen und Leseverst\u00e4ndnis liegt in unserem Fokus.<\/p>\n<h3><a href=\"\/berufsorientierung\/\" target=\"_blank\" rel=\"noopener\">BERUFSORIENTIERUNG<\/a><\/h3>\n<p>Ab der 3. Klasse unterst\u00fctzen wir unsere Sch\u00fclerInnen bei der Berufswahl.<\/p>\n<h3><a href=\"\/it-schwerpunkg\/\">DIGITALES LERNEN<\/a><\/h3>\n<p>Die Vermittlung digitaler Kompetenzen ist ein wesentlicher Lehrbestandteil an unserer Mittelschule.<\/p>\n<h4>GESUNDE SCHULE<\/h4>\n<h3>SCHULBUFFET<\/h3>\n<p>Damit unsere Sch\u00fcler sich an einem langen, anstrengenden Schultag in den Pausen st\u00e4rken k\u00f6nnen, bieten wir in unserer Schule auch ein ausgewogenes Schulbuffet an.<br \/>\nVielen Dank an die Firma Rest (H\u00f6flein)!<\/p>\n<h4>SCHULKALENDER<\/h4>\n<p><img decoding=\"async\" src=\"https:\/\/www.nms-staw.at\/wordpress\/wp-content\/uploads\/2024\/05\/logo-color.svg\" alt=\"\" \/><br \/>\n<a title=\"\" href=\"https:\/\/www.nms-staw.at\/wordpress\/unterrichtszeiten\">UNTERRICHTSZEITEN<\/a><\/p>\n<h4>BETREUUNG AM<\/h4>\n<h3>NACHMITTAG<\/h3>\n<p>Die N\u00d6MS St. Andr\u00e4-W\u00f6rdern bietet eine <a href=\"\/nachmittagsbetreuung\/\">ganzt\u00e4gige Betreuung <\/a>(Nachmittagsbetreuung von 12:00 bis 17:30, Freitag bis 16:30) auf freiwilliger Basis. Sie schlie\u00dft direkt an den Pflichtunterricht an und beginnt mit dem gemeinsamen Mittagessen.<br \/>\n<a title=\"\" href=\"https:\/\/www.nms-staw.at\/wordpress\/nachmittagsbetreuung-2\">MEHR INFOS<\/a><br \/>\n<img decoding=\"async\" src=\"https:\/\/www.nms-staw.at\/wordpress\/wp-content\/uploads\/2024\/05\/LOGO-web.png\" alt=\"\" \/><\/p>\n<h3>Aus unseren Klassen<\/h3>\n<h2>EINBLICKE<\/h2>\n<p>Wir halten Sie gerne \u00fcber Aktuelles und News aus der MS St. Andr\u00e4-W\u00f6rdern auf dem Laufenden. Hier finden Sie aktuelle Mitteilungenaus den Klassen und unserer Schule.<br \/>\n<a title=\"\" href=\"https:\/\/www.nms-staw.at\/wordpress\/aktuelles\">AKTUELLES<\/a><br \/>\n<img decoding=\"async\" src=\"https:\/\/www.nms-staw.at\/wordpress\/wp-content\/uploads\/2024\/05\/MicrosoftTeams-image-152-768x720.jpg\" alt=\"\" \/> 18. Mai 2024<\/p>\n<h3><a href=\"https:\/\/www.nms-staw.at\/wordpress\/2024\/05\/18\/geister-gespenster-und-vampire-gruseliges-wien\/\">Geister, Gespenster und Vampire \u2013 gruseliges Wien<\/a><\/h3>\n<p><img decoding=\"async\" src=\"https:\/\/www.nms-staw.at\/wordpress\/wp-content\/uploads\/2024\/05\/MicrosoftTeams-image-150-960x720.jpg\" alt=\"\" \/> 22. April 2024<\/p>\n<h4><a href=\"https:\/\/www.nms-staw.at\/wordpress\/2024\/04\/22\/osterliche-stimmung\/\">\u00d6sterliche Stimmung<\/a><\/h4>\n<p><img decoding=\"async\" src=\"https:\/\/www.nms-staw.at\/wordpress\/wp-content\/uploads\/2024\/05\/MicrosoftTeams-image-148-576x720.jpg\" alt=\"\" \/> 21. April 2024<\/p>\n<h4><a href=\"https:\/\/www.nms-staw.at\/wordpress\/2024\/04\/21\/trickfilm-regisseure-von-morgen\/\">Trickfilm Regisseure von morgen<\/a><\/h4>\n<h3>Ein herzliches Dankesch\u00f6n unseren Sponsoren der Schulsporthilfe!<\/h3>\n<p>Dank Ihrer Unterst\u00fctzung konnten wieder neue Materialien angeschafft werden, um unsere Sch\u00fcler zu f\u00f6rdern und zu unterst\u00fctzen.<a href=\"https:\/\/www.nms-staw.at\/wordpress\/wp-content\/uploads\/2024\/05\/34232997-ms-st.andrae-woerdern-1-23-2.pdf\">Sponsorenliste 1 <\/a><br \/>\n<a href=\"https:\/\/www.nms-staw.at\/wordpress\/wp-content\/uploads\/2024\/05\/34232997-ms-st.andrae-woerdern-2-23-1.pdf\">Sponsorenliste 2 <\/a>\u00a0\u00a0\u00a0\u00a0<img decoding=\"async\" src=\"https:\/\/www.nms-staw.at\/wordpress\/wp-content\/uploads\/2024\/05\/Schulsporthilfe_2.jpg\" alt=\"\" \/><br \/>\n<img decoding=\"async\" src=\"https:\/\/www.nms-staw.at\/wordpress\/wp-content\/uploads\/2024\/05\/Schulsporthilfe_1.jpg\" alt=\"\" \/><\/p>\n<h4>ZERTIFIKATE UND BILDUNGSPARTNER<\/h4>\n<p><img decoding=\"async\" src=\"https:\/\/www.nms-staw.at\/wordpress\/wp-content\/uploads\/2024\/05\/ms_school_banner_final-e1491591397314.jpg\" alt=\"\" \/><\/p>\n<h3><\/h3>\n<p><img decoding=\"async\" src=\"https:\/\/www.nms-staw.at\/wordpress\/wp-content\/uploads\/2024\/05\/Bubbles-logo-e1559135676563-300x107-1.jpg\" alt=\"\" \/><\/p>\n<h3><\/h3>\n<p><img decoding=\"async\" src=\"https:\/\/www.nms-staw.at\/wordpress\/wp-content\/uploads\/2024\/05\/schoolfox_pionier.png\" alt=\"\" \/><\/p>\n<h3><\/h3>\n<p><a href=\"https:\/\/www.wknoe-biz.at\/ueber-uns\/bo-guetesiegel\/\" target=\"_blank\" rel=\"noopener\"><img decoding=\"async\" src=\"https:\/\/www.nms-staw.at\/wordpress\/wp-content\/uploads\/2024\/05\/BIZ.png\" alt=\"\" \/><\/a><\/p>\n<h3><\/h3>\n<p><a href=\"https:\/\/www.icdl.at\/\" target=\"_blank\" rel=\"noopener\"><img decoding=\"async\" src=\"https:\/\/www.nms-staw.at\/wordpress\/wp-content\/uploads\/2024\/05\/ICDL.png\" alt=\"\" \/><\/a><\/p>\n<h3><\/h3>\n<p><img decoding=\"async\" src=\"https:\/\/www.nms-staw.at\/wordpress\/wp-content\/uploads\/2024\/05\/werkstatt_logo_2023_mitlogos-8-1.jpg\" alt=\"\" \/><\/p>\n<h3><\/h3>\n","protected":false},"excerpt":{"rendered":"<p>HERZLICH WILLKOMMEN auf der Homepage der Informatik-Mittelschule St. Andr\u00e4-W\u00f6rdern! Als Direktorin freut es mich sehr, Sie auf unserer neuen Website begr\u00fc\u00dfen zu d\u00fcrfen. Auf unserer Homepage<span class=\"excerpt-hellip\"> [\u2026]<\/span><\/p>\n","protected":false},"author":1,"featured_media":0,"parent":0,"menu_order":0,"comment_status":"open","ping_status":"open","template":"","meta":{"footnotes":""},"class_list":["post-2","page","type-page","status-publish","hentry"],"yoast_head":"<!-- This site is optimized with the Yoast SEO plugin v27.4 - https:\/\/yoast.com\/product\/yoast-seo-wordpress\/ -->\n<title>IT MS ST. ANDR\u00c4-W\u00d6RDERN - N\u00d6 Informatik Mittelschule St. Andr\u00e4-W\u00f6rdern<\/title>\n<meta name=\"description\" content=\"N\u00d6 Informatik Mittelschule St. Andr\u00e4-W\u00f6rdern, Greifensteiner Stra\u00dfe 33, A-3423 St. Andr\u00e4-W\u00f6rdern. Digitale Kompetenz\" \/>\n<meta name=\"robots\" content=\"index, follow, max-snippet:-1, max-image-preview:large, max-video-preview:-1\" \/>\n<link rel=\"canonical\" href=\"https:\/\/www.nms-staw.at\/wordpress\/\" \/>\n<meta property=\"og:locale\" content=\"de_DE\" \/>\n<meta property=\"og:type\" content=\"article\" \/>\n<meta property=\"og:title\" content=\"IT MS ST. ANDR\u00c4-W\u00d6RDERN - N\u00d6 Informatik Mittelschule St. Andr\u00e4-W\u00f6rdern\" \/>\n<meta property=\"og:description\" content=\"N\u00d6 Informatik Mittelschule St. Andr\u00e4-W\u00f6rdern, Greifensteiner Stra\u00dfe 33, A-3423 St. Andr\u00e4-W\u00f6rdern. Digitale Kompetenz\" \/>\n<meta property=\"og:url\" content=\"https:\/\/www.nms-staw.at\/wordpress\/\" \/>\n<meta property=\"og:site_name\" content=\"N\u00d6 Informatik Mittelschule St. Andr\u00e4-W\u00f6rdern\" \/>\n<meta property=\"article:modified_time\" content=\"2025-11-10T13:28:37+00:00\" \/>\n<meta property=\"og:image\" content=\"https:\/\/www.hps-consulting.at\/wp-content\/uploads\/2024\/02\/Nagl-Eder-home-500x500.png\" \/>\n<meta name=\"twitter:card\" content=\"summary_large_image\" \/>\n<meta name=\"twitter:label1\" content=\"Gesch\u00e4tzte Lesezeit\" \/>\n\t<meta name=\"twitter:data1\" content=\"5 Minuten\" \/>\n<script type=\"application\/ld+json\" class=\"yoast-schema-graph\">{\"@context\":\"https:\\\/\\\/schema.org\",\"@graph\":[{\"@type\":\"WebPage\",\"@id\":\"https:\\\/\\\/www.nms-staw.at\\\/wordpress\\\/\",\"url\":\"https:\\\/\\\/www.nms-staw.at\\\/wordpress\\\/\",\"name\":\"IT MS ST. ANDR\u00c4-W\u00d6RDERN - N\u00d6 Informatik Mittelschule St. Andr\u00e4-W\u00f6rdern\",\"isPartOf\":{\"@id\":\"https:\\\/\\\/www.nms-staw.at\\\/wordpress\\\/#website\"},\"primaryImageOfPage\":{\"@id\":\"https:\\\/\\\/www.nms-staw.at\\\/wordpress\\\/#primaryimage\"},\"image\":{\"@id\":\"https:\\\/\\\/www.nms-staw.at\\\/wordpress\\\/#primaryimage\"},\"thumbnailUrl\":\"https:\\\/\\\/www.hps-consulting.at\\\/wp-content\\\/uploads\\\/2024\\\/02\\\/Nagl-Eder-home-500x500.png\",\"datePublished\":\"2018-08-29T07:29:34+00:00\",\"dateModified\":\"2025-11-10T13:28:37+00:00\",\"description\":\"N\u00d6 Informatik Mittelschule St. Andr\u00e4-W\u00f6rdern, Greifensteiner Stra\u00dfe 33, A-3423 St. Andr\u00e4-W\u00f6rdern. Digitale Kompetenz\",\"breadcrumb\":{\"@id\":\"https:\\\/\\\/www.nms-staw.at\\\/wordpress\\\/#breadcrumb\"},\"inLanguage\":\"de-AT\",\"potentialAction\":[{\"@type\":\"ReadAction\",\"target\":[\"https:\\\/\\\/www.nms-staw.at\\\/wordpress\\\/\"]}]},{\"@type\":\"ImageObject\",\"inLanguage\":\"de-AT\",\"@id\":\"https:\\\/\\\/www.nms-staw.at\\\/wordpress\\\/#primaryimage\",\"url\":\"https:\\\/\\\/www.hps-consulting.at\\\/wp-content\\\/uploads\\\/2024\\\/02\\\/Nagl-Eder-home-500x500.png\",\"contentUrl\":\"https:\\\/\\\/www.hps-consulting.at\\\/wp-content\\\/uploads\\\/2024\\\/02\\\/Nagl-Eder-home-500x500.png\"},{\"@type\":\"BreadcrumbList\",\"@id\":\"https:\\\/\\\/www.nms-staw.at\\\/wordpress\\\/#breadcrumb\",\"itemListElement\":[{\"@type\":\"ListItem\",\"position\":1,\"name\":\"Startseite\",\"item\":\"https:\\\/\\\/www.nms-staw.at\\\/wordpress\\\/\"},{\"@type\":\"ListItem\",\"position\":2,\"name\":\"IT MS ST. ANDR\u00c4-W\u00d6RDERN\"}]},{\"@type\":\"WebSite\",\"@id\":\"https:\\\/\\\/www.nms-staw.at\\\/wordpress\\\/#website\",\"url\":\"https:\\\/\\\/www.nms-staw.at\\\/wordpress\\\/\",\"name\":\"N\u00d6 Informatik Mittelschule St. Andr\u00e4-W\u00f6rdern\",\"description\":\"Eine weitere WordPress-Website\",\"potentialAction\":[{\"@type\":\"SearchAction\",\"target\":{\"@type\":\"EntryPoint\",\"urlTemplate\":\"https:\\\/\\\/www.nms-staw.at\\\/wordpress\\\/?s={search_term_string}\"},\"query-input\":{\"@type\":\"PropertyValueSpecification\",\"valueRequired\":true,\"valueName\":\"search_term_string\"}}],\"inLanguage\":\"de-AT\"}]}<\/script>\n<!-- \/ Yoast SEO plugin. -->","yoast_head_json":{"title":"IT MS ST. ANDR\u00c4-W\u00d6RDERN - N\u00d6 Informatik Mittelschule St. Andr\u00e4-W\u00f6rdern","description":"N\u00d6 Informatik Mittelschule St. Andr\u00e4-W\u00f6rdern, Greifensteiner Stra\u00dfe 33, A-3423 St. Andr\u00e4-W\u00f6rdern. Digitale Kompetenz","robots":{"index":"index","follow":"follow","max-snippet":"max-snippet:-1","max-image-preview":"max-image-preview:large","max-video-preview":"max-video-preview:-1"},"canonical":"https:\/\/www.nms-staw.at\/wordpress\/","og_locale":"de_DE","og_type":"article","og_title":"IT MS ST. ANDR\u00c4-W\u00d6RDERN - N\u00d6 Informatik Mittelschule St. Andr\u00e4-W\u00f6rdern","og_description":"N\u00d6 Informatik Mittelschule St. Andr\u00e4-W\u00f6rdern, Greifensteiner Stra\u00dfe 33, A-3423 St. Andr\u00e4-W\u00f6rdern. Digitale Kompetenz","og_url":"https:\/\/www.nms-staw.at\/wordpress\/","og_site_name":"N\u00d6 Informatik Mittelschule St. Andr\u00e4-W\u00f6rdern","article_modified_time":"2025-11-10T13:28:37+00:00","og_image":[{"url":"https:\/\/www.hps-consulting.at\/wp-content\/uploads\/2024\/02\/Nagl-Eder-home-500x500.png","type":"","width":"","height":""}],"twitter_card":"summary_large_image","twitter_misc":{"Gesch\u00e4tzte Lesezeit":"5 Minuten"},"schema":{"@context":"https:\/\/schema.org","@graph":[{"@type":"WebPage","@id":"https:\/\/www.nms-staw.at\/wordpress\/","url":"https:\/\/www.nms-staw.at\/wordpress\/","name":"IT MS ST. ANDR\u00c4-W\u00d6RDERN - N\u00d6 Informatik Mittelschule St. Andr\u00e4-W\u00f6rdern","isPartOf":{"@id":"https:\/\/www.nms-staw.at\/wordpress\/#website"},"primaryImageOfPage":{"@id":"https:\/\/www.nms-staw.at\/wordpress\/#primaryimage"},"image":{"@id":"https:\/\/www.nms-staw.at\/wordpress\/#primaryimage"},"thumbnailUrl":"https:\/\/www.hps-consulting.at\/wp-content\/uploads\/2024\/02\/Nagl-Eder-home-500x500.png","datePublished":"2018-08-29T07:29:34+00:00","dateModified":"2025-11-10T13:28:37+00:00","description":"N\u00d6 Informatik Mittelschule St. Andr\u00e4-W\u00f6rdern, Greifensteiner Stra\u00dfe 33, A-3423 St. Andr\u00e4-W\u00f6rdern. Digitale Kompetenz","breadcrumb":{"@id":"https:\/\/www.nms-staw.at\/wordpress\/#breadcrumb"},"inLanguage":"de-AT","potentialAction":[{"@type":"ReadAction","target":["https:\/\/www.nms-staw.at\/wordpress\/"]}]},{"@type":"ImageObject","inLanguage":"de-AT","@id":"https:\/\/www.nms-staw.at\/wordpress\/#primaryimage","url":"https:\/\/www.hps-consulting.at\/wp-content\/uploads\/2024\/02\/Nagl-Eder-home-500x500.png","contentUrl":"https:\/\/www.hps-consulting.at\/wp-content\/uploads\/2024\/02\/Nagl-Eder-home-500x500.png"},{"@type":"BreadcrumbList","@id":"https:\/\/www.nms-staw.at\/wordpress\/#breadcrumb","itemListElement":[{"@type":"ListItem","position":1,"name":"Startseite","item":"https:\/\/www.nms-staw.at\/wordpress\/"},{"@type":"ListItem","position":2,"name":"IT MS ST. ANDR\u00c4-W\u00d6RDERN"}]},{"@type":"WebSite","@id":"https:\/\/www.nms-staw.at\/wordpress\/#website","url":"https:\/\/www.nms-staw.at\/wordpress\/","name":"N\u00d6 Informatik Mittelschule St. Andr\u00e4-W\u00f6rdern","description":"Eine weitere WordPress-Website","potentialAction":[{"@type":"SearchAction","target":{"@type":"EntryPoint","urlTemplate":"https:\/\/www.nms-staw.at\/wordpress\/?s={search_term_string}"},"query-input":{"@type":"PropertyValueSpecification","valueRequired":true,"valueName":"search_term_string"}}],"inLanguage":"de-AT"}]}},"_links":{"self":[{"href":"https:\/\/www.nms-staw.at\/wordpress\/wp-json\/wp\/v2\/pages\/2","targetHints":{"allow":["GET"]}}],"collection":[{"href":"https:\/\/www.nms-staw.at\/wordpress\/wp-json\/wp\/v2\/pages"}],"about":[{"href":"https:\/\/www.nms-staw.at\/wordpress\/wp-json\/wp\/v2\/types\/page"}],"author":[{"embeddable":true,"href":"https:\/\/www.nms-staw.at\/wordpress\/wp-json\/wp\/v2\/users\/1"}],"replies":[{"embeddable":true,"href":"https:\/\/www.nms-staw.at\/wordpress\/wp-json\/wp\/v2\/comments?post=2"}],"version-history":[{"count":4,"href":"https:\/\/www.nms-staw.at\/wordpress\/wp-json\/wp\/v2\/pages\/2\/revisions"}],"predecessor-version":[{"id":626,"href":"https:\/\/www.nms-staw.at\/wordpress\/wp-json\/wp\/v2\/pages\/2\/revisions\/626"}],"wp:attachment":[{"href":"https:\/\/www.nms-staw.at\/wordpress\/wp-json\/wp\/v2\/media?parent=2"}],"curies":[{"name":"wp","href":"https:\/\/api.w.org\/{rel}","templated":true}]}}