{"id":145,"date":"2024-01-09T11:44:23","date_gmt":"2024-01-09T10:44:23","guid":{"rendered":"https:\/\/www.hps-consulting.at\/?page_id=145"},"modified":"2026-02-17T10:13:14","modified_gmt":"2026-02-17T09:13:14","slug":"downloads","status":"publish","type":"page","link":"https:\/\/www.nms-staw.at\/wordpress\/downloads\/","title":{"rendered":"DOWNLOADS"},"content":{"rendered":"<h3>N\u00d6 Informatik Mittelschule St. Andr\u00e4-W\u00f6rdern<\/h3>\n<h2>Downloads<\/h2>\n<p>Hier finden Sie Formulare, wichtige Informationen und Listen zum Downloaden.<\/p>\n<p><a title=\"\" href=\"https:\/\/www.nms-staw.at\/wordpress\/wp-content\/uploads\/2024\/05\/Anmeldeformular-SJ_2024_25.pdf\" target=\"_blank\" rel=\"noopener\">Anmeldeformular Schuljahr 2025\/2026<\/a><\/p>\n<p><a title=\"\" href=\"https:\/\/www.nms-staw.at\/wordpress\/wp-content\/uploads\/2024\/06\/Unterrichtsmaterial_SJ_24_25.pdf\" target=\"_blank\" rel=\"noopener\">Unterrichtsmaterialien<\/a><\/p>\n<p><a href=\"https:\/\/www.nms-staw.at\/wordpress\/wp-content\/uploads\/2025\/09\/Sprechstunden-fuer-das-Schuljahr-2025.pdf\">Sprechstunden<\/a><\/p>\n<p><a title=\"\" href=\"https:\/\/www.nms-staw.at\/wordpress\/wp-content\/uploads\/2025\/09\/Schularbeitstermine__1.-Semester25-V.pdf\">Schularbeitstermine<\/a><\/p>\n<p><a title=\"\" href=\"https:\/\/www.nms-staw.at\/wordpress\/wp-content\/uploads\/2024\/10\/BPT_2024_25.pdf\">Berufspraktische Tage<\/a><\/p>\n\n\n<p><\/p>\n","protected":false},"excerpt":{"rendered":"<p>N\u00d6 Informatik Mittelschule St. Andr\u00e4-W\u00f6rdern Downloads Hier finden Sie Formulare, wichtige Informationen und Listen zum Downloaden. Anmeldeformular Schuljahr 2025\/2026 Unterrichtsmaterialien Sprechstunden Schularbeitstermine Berufspraktische Tage<\/p>\n","protected":false},"author":1,"featured_media":0,"parent":0,"menu_order":0,"comment_status":"open","ping_status":"closed","template":"","meta":{"footnotes":""},"class_list":["post-145","page","type-page","status-publish","hentry"],"yoast_head":"<!-- This site is optimized with the Yoast SEO plugin v27.4 - https:\/\/yoast.com\/product\/yoast-seo-wordpress\/ -->\n<title>DOWNLOADS - N\u00d6 Informatik Mittelschule St. Andr\u00e4-W\u00f6rdern<\/title>\n<meta name=\"robots\" content=\"index, follow, max-snippet:-1, max-image-preview:large, max-video-preview:-1\" \/>\n<link rel=\"canonical\" href=\"https:\/\/www.nms-staw.at\/wordpress\/downloads\/\" \/>\n<meta property=\"og:locale\" content=\"de_DE\" \/>\n<meta property=\"og:type\" content=\"article\" \/>\n<meta property=\"og:title\" content=\"DOWNLOADS - N\u00d6 Informatik Mittelschule St. Andr\u00e4-W\u00f6rdern\" \/>\n<meta property=\"og:description\" content=\"N\u00d6 Informatik Mittelschule St. Andr\u00e4-W\u00f6rdern Downloads Hier finden Sie Formulare, wichtige Informationen und Listen zum Downloaden. Anmeldeformular Schuljahr 2025\/2026 Unterrichtsmaterialien Sprechstunden Schularbeitstermine Berufspraktische Tage\" \/>\n<meta property=\"og:url\" content=\"https:\/\/www.nms-staw.at\/wordpress\/downloads\/\" \/>\n<meta property=\"og:site_name\" content=\"N\u00d6 Informatik Mittelschule St. Andr\u00e4-W\u00f6rdern\" \/>\n<meta property=\"article:modified_time\" content=\"2026-02-17T09:13:14+00:00\" \/>\n<meta name=\"twitter:card\" content=\"summary_large_image\" \/>\n<meta name=\"twitter:label1\" content=\"Gesch\u00e4tzte Lesezeit\" \/>\n\t<meta name=\"twitter:data1\" content=\"1 Minute\" \/>\n<script type=\"application\/ld+json\" class=\"yoast-schema-graph\">{\"@context\":\"https:\\\/\\\/schema.org\",\"@graph\":[{\"@type\":\"WebPage\",\"@id\":\"https:\\\/\\\/www.nms-staw.at\\\/wordpress\\\/downloads\\\/\",\"url\":\"https:\\\/\\\/www.nms-staw.at\\\/wordpress\\\/downloads\\\/\",\"name\":\"DOWNLOADS - N\u00d6 Informatik Mittelschule St. Andr\u00e4-W\u00f6rdern\",\"isPartOf\":{\"@id\":\"https:\\\/\\\/www.nms-staw.at\\\/wordpress\\\/#website\"},\"datePublished\":\"2024-01-09T10:44:23+00:00\",\"dateModified\":\"2026-02-17T09:13:14+00:00\",\"breadcrumb\":{\"@id\":\"https:\\\/\\\/www.nms-staw.at\\\/wordpress\\\/downloads\\\/#breadcrumb\"},\"inLanguage\":\"de-AT\",\"potentialAction\":[{\"@type\":\"ReadAction\",\"target\":[\"https:\\\/\\\/www.nms-staw.at\\\/wordpress\\\/downloads\\\/\"]}]},{\"@type\":\"BreadcrumbList\",\"@id\":\"https:\\\/\\\/www.nms-staw.at\\\/wordpress\\\/downloads\\\/#breadcrumb\",\"itemListElement\":[{\"@type\":\"ListItem\",\"position\":1,\"name\":\"Startseite\",\"item\":\"https:\\\/\\\/www.nms-staw.at\\\/wordpress\\\/\"},{\"@type\":\"ListItem\",\"position\":2,\"name\":\"DOWNLOADS\"}]},{\"@type\":\"WebSite\",\"@id\":\"https:\\\/\\\/www.nms-staw.at\\\/wordpress\\\/#website\",\"url\":\"https:\\\/\\\/www.nms-staw.at\\\/wordpress\\\/\",\"name\":\"N\u00d6 Informatik Mittelschule St. Andr\u00e4-W\u00f6rdern\",\"description\":\"Eine weitere WordPress-Website\",\"potentialAction\":[{\"@type\":\"SearchAction\",\"target\":{\"@type\":\"EntryPoint\",\"urlTemplate\":\"https:\\\/\\\/www.nms-staw.at\\\/wordpress\\\/?s={search_term_string}\"},\"query-input\":{\"@type\":\"PropertyValueSpecification\",\"valueRequired\":true,\"valueName\":\"search_term_string\"}}],\"inLanguage\":\"de-AT\"}]}<\/script>\n<!-- \/ Yoast SEO plugin. -->","yoast_head_json":{"title":"DOWNLOADS - N\u00d6 Informatik Mittelschule St. Andr\u00e4-W\u00f6rdern","robots":{"index":"index","follow":"follow","max-snippet":"max-snippet:-1","max-image-preview":"max-image-preview:large","max-video-preview":"max-video-preview:-1"},"canonical":"https:\/\/www.nms-staw.at\/wordpress\/downloads\/","og_locale":"de_DE","og_type":"article","og_title":"DOWNLOADS - N\u00d6 Informatik Mittelschule St. Andr\u00e4-W\u00f6rdern","og_description":"N\u00d6 Informatik Mittelschule St. Andr\u00e4-W\u00f6rdern Downloads Hier finden Sie Formulare, wichtige Informationen und Listen zum Downloaden. Anmeldeformular Schuljahr 2025\/2026 Unterrichtsmaterialien Sprechstunden Schularbeitstermine Berufspraktische Tage","og_url":"https:\/\/www.nms-staw.at\/wordpress\/downloads\/","og_site_name":"N\u00d6 Informatik Mittelschule St. Andr\u00e4-W\u00f6rdern","article_modified_time":"2026-02-17T09:13:14+00:00","twitter_card":"summary_large_image","twitter_misc":{"Gesch\u00e4tzte Lesezeit":"1 Minute"},"schema":{"@context":"https:\/\/schema.org","@graph":[{"@type":"WebPage","@id":"https:\/\/www.nms-staw.at\/wordpress\/downloads\/","url":"https:\/\/www.nms-staw.at\/wordpress\/downloads\/","name":"DOWNLOADS - N\u00d6 Informatik Mittelschule St. Andr\u00e4-W\u00f6rdern","isPartOf":{"@id":"https:\/\/www.nms-staw.at\/wordpress\/#website"},"datePublished":"2024-01-09T10:44:23+00:00","dateModified":"2026-02-17T09:13:14+00:00","breadcrumb":{"@id":"https:\/\/www.nms-staw.at\/wordpress\/downloads\/#breadcrumb"},"inLanguage":"de-AT","potentialAction":[{"@type":"ReadAction","target":["https:\/\/www.nms-staw.at\/wordpress\/downloads\/"]}]},{"@type":"BreadcrumbList","@id":"https:\/\/www.nms-staw.at\/wordpress\/downloads\/#breadcrumb","itemListElement":[{"@type":"ListItem","position":1,"name":"Startseite","item":"https:\/\/www.nms-staw.at\/wordpress\/"},{"@type":"ListItem","position":2,"name":"DOWNLOADS"}]},{"@type":"WebSite","@id":"https:\/\/www.nms-staw.at\/wordpress\/#website","url":"https:\/\/www.nms-staw.at\/wordpress\/","name":"N\u00d6 Informatik Mittelschule St. Andr\u00e4-W\u00f6rdern","description":"Eine weitere WordPress-Website","potentialAction":[{"@type":"SearchAction","target":{"@type":"EntryPoint","urlTemplate":"https:\/\/www.nms-staw.at\/wordpress\/?s={search_term_string}"},"query-input":{"@type":"PropertyValueSpecification","valueRequired":true,"valueName":"search_term_string"}}],"inLanguage":"de-AT"}]}},"_links":{"self":[{"href":"https:\/\/www.nms-staw.at\/wordpress\/wp-json\/wp\/v2\/pages\/145","targetHints":{"allow":["GET"]}}],"collection":[{"href":"https:\/\/www.nms-staw.at\/wordpress\/wp-json\/wp\/v2\/pages"}],"about":[{"href":"https:\/\/www.nms-staw.at\/wordpress\/wp-json\/wp\/v2\/types\/page"}],"author":[{"embeddable":true,"href":"https:\/\/www.nms-staw.at\/wordpress\/wp-json\/wp\/v2\/users\/1"}],"replies":[{"embeddable":true,"href":"https:\/\/www.nms-staw.at\/wordpress\/wp-json\/wp\/v2\/comments?post=145"}],"version-history":[{"count":18,"href":"https:\/\/www.nms-staw.at\/wordpress\/wp-json\/wp\/v2\/pages\/145\/revisions"}],"predecessor-version":[{"id":1162,"href":"https:\/\/www.nms-staw.at\/wordpress\/wp-json\/wp\/v2\/pages\/145\/revisions\/1162"}],"wp:attachment":[{"href":"https:\/\/www.nms-staw.at\/wordpress\/wp-json\/wp\/v2\/media?parent=145"}],"curies":[{"name":"wp","href":"https:\/\/api.w.org\/{rel}","templated":true}]}}