{"id":131,"date":"2024-01-09T11:26:37","date_gmt":"2024-01-09T10:26:37","guid":{"rendered":"https:\/\/www.hps-consulting.at\/?page_id=131"},"modified":"2024-07-04T10:57:01","modified_gmt":"2024-07-04T08:57:01","slug":"ausbildung","status":"publish","type":"page","link":"https:\/\/www.nms-staw.at\/wordpress\/ausbildung\/","title":{"rendered":"AUSBILDUNG"},"content":{"rendered":"<p><img decoding=\"async\" src=\"https:\/\/www.nms-staw.at\/wordpress\/wp-content\/uploads\/2024\/05\/Anmeldung1.jpg\" alt=\"\" \/><\/p>\n<h3>IT<\/h3>\n<h3>SCHWERPUNKT<\/h3>\n<p>Die N\u00f6 Informatik-Mittelschule St. Andr\u00e4-W\u00f6rdern bietet (im Rahmen eines eigens erstelltes Informatikkonzepts) ein umfangreiches Angebot, um den Sch\u00fclerinnen und Sch\u00fclern den Erwerb von grundlegenden und vertiefenden Kompetenzen im Bereich der neuen Medien zu erm\u00f6glichen.<a href=\"\/it-schwerpunkt\/\" target=\"_blank\" rel=\"noopener\">MEHR ZUM IT-SCHWERPUNKT<\/a><\/p>\n<h3>DIGITALES<\/h3>\n<h3>LERNEN<\/h3>\n<p>Im Zuge der Ger\u00e4teinitiative des BMBWF werden Sch\u00fclerinnen und Sch\u00fcler der MS St. Andr\u00e4-W\u00f6rdern mit einem Notebook oder Tablet ausgestattet. Das BMBWF \u00fcbernimmt einen Gro\u00dfteil der Ger\u00e4tekosten.<a href=\"https:\/\/digitaleslernen.oead.at\/de\/\" target=\"_blank\" rel=\"noopener\">OeAD DIGITALES LERNEN<\/a><img decoding=\"async\" src=\"https:\/\/www.nms-staw.at\/wordpress\/wp-content\/uploads\/2024\/05\/Uebergabe-Tablets.jpg\" alt=\"\" \/><br \/>\n<img decoding=\"async\" src=\"https:\/\/www.nms-staw.at\/wordpress\/wp-content\/uploads\/2024\/05\/Berufsorientierung.jpg\" alt=\"\" \/><\/p>\n<h3>BERUFS<\/h3>\n<h3>ORIENTIERUNG<\/h3>\n<p>Wir sehen es als unsere Aufgabe, junge Menschen dabei zu unterst\u00fctzen, ihre St\u00e4rken und Talente zu erkennen und sie bei der passenden Berufs- und Ausbildungswahl zu begleiten. <a href=\"https:\/\/nms-staw.at\/wordpress\/berufsorientierung\/\">MEHR ERFAHREN<\/a><\/p>\n<h3>LESEN<\/h3>\n<h3>F\u00d6RDERN<\/h3>\n<p>Ziel einer F\u00f6rderung bei offiziell festgestellter Lese-Rechtschreibschw\u00e4che in der Sekundarstufe ist, dass die Sch\u00fcler*innen die Schule mit einem (guten) Schulabschluss verlassen und trotz ihrer Schwierigkeiten beim Lesen und Schreiben eine Ausbildung oder ein Studium beginnen k\u00f6nnen.<a href=\"https:\/\/hps-consulting.at\/lesefoerderung\" target=\"_blank\" rel=\"noopener\">MEHR ERFAHREN<\/a><img decoding=\"async\" src=\"https:\/\/www.nms-staw.at\/wordpress\/wp-content\/uploads\/2024\/05\/Lesefoerderung.jpg\" alt=\"\" \/><\/p>\n","protected":false},"excerpt":{"rendered":"<p>IT SCHWERPUNKT Die N\u00f6 Informatik-Mittelschule St. Andr\u00e4-W\u00f6rdern bietet (im Rahmen eines eigens erstelltes Informatikkonzepts) ein umfangreiches Angebot, um den Sch\u00fclerinnen und Sch\u00fclern den Erwerb von grundlegenden<span class=\"excerpt-hellip\"> [\u2026]<\/span><\/p>\n","protected":false},"author":1,"featured_media":0,"parent":0,"menu_order":0,"comment_status":"open","ping_status":"closed","template":"","meta":{"footnotes":""},"class_list":["post-131","page","type-page","status-publish","hentry"],"yoast_head":"<!-- This site is optimized with the Yoast SEO plugin v27.4 - https:\/\/yoast.com\/product\/yoast-seo-wordpress\/ -->\n<title>AUSBILDUNG - N\u00d6 Informatik Mittelschule St. Andr\u00e4-W\u00f6rdern<\/title>\n<meta name=\"description\" content=\"Die N\u00d6 Informatik-Mittelschule St. Andr\u00e4-W\u00f6rdern bietet ein umfangreiches Angebot. Informatik-Schwerpunkt, Digitales Lernen, erfahren Sie mehr\" \/>\n<meta name=\"robots\" content=\"index, follow, max-snippet:-1, max-image-preview:large, max-video-preview:-1\" \/>\n<link rel=\"canonical\" href=\"https:\/\/www.nms-staw.at\/wordpress\/ausbildung\/\" \/>\n<meta property=\"og:locale\" content=\"de_DE\" \/>\n<meta property=\"og:type\" content=\"article\" \/>\n<meta property=\"og:title\" content=\"AUSBILDUNG - N\u00d6 Informatik Mittelschule St. Andr\u00e4-W\u00f6rdern\" \/>\n<meta property=\"og:description\" content=\"Die N\u00d6 Informatik-Mittelschule St. Andr\u00e4-W\u00f6rdern bietet ein umfangreiches Angebot. Informatik-Schwerpunkt, Digitales Lernen, erfahren Sie mehr\" \/>\n<meta property=\"og:url\" content=\"https:\/\/www.nms-staw.at\/wordpress\/ausbildung\/\" \/>\n<meta property=\"og:site_name\" content=\"N\u00d6 Informatik Mittelschule St. Andr\u00e4-W\u00f6rdern\" \/>\n<meta property=\"article:modified_time\" content=\"2024-07-04T08:57:01+00:00\" \/>\n<meta property=\"og:image\" content=\"https:\/\/www.nms-staw.at\/wordpress\/wp-content\/uploads\/2024\/05\/Anmeldung1.jpg\" \/>\n<meta name=\"twitter:card\" content=\"summary_large_image\" \/>\n<meta name=\"twitter:label1\" content=\"Gesch\u00e4tzte Lesezeit\" \/>\n\t<meta name=\"twitter:data1\" content=\"2 Minuten\" \/>\n<script type=\"application\/ld+json\" class=\"yoast-schema-graph\">{\"@context\":\"https:\\\/\\\/schema.org\",\"@graph\":[{\"@type\":\"WebPage\",\"@id\":\"https:\\\/\\\/www.nms-staw.at\\\/wordpress\\\/ausbildung\\\/\",\"url\":\"https:\\\/\\\/www.nms-staw.at\\\/wordpress\\\/ausbildung\\\/\",\"name\":\"AUSBILDUNG - N\u00d6 Informatik Mittelschule St. Andr\u00e4-W\u00f6rdern\",\"isPartOf\":{\"@id\":\"https:\\\/\\\/www.nms-staw.at\\\/wordpress\\\/#website\"},\"primaryImageOfPage\":{\"@id\":\"https:\\\/\\\/www.nms-staw.at\\\/wordpress\\\/ausbildung\\\/#primaryimage\"},\"image\":{\"@id\":\"https:\\\/\\\/www.nms-staw.at\\\/wordpress\\\/ausbildung\\\/#primaryimage\"},\"thumbnailUrl\":\"https:\\\/\\\/www.nms-staw.at\\\/wordpress\\\/wp-content\\\/uploads\\\/2024\\\/05\\\/Anmeldung1.jpg\",\"datePublished\":\"2024-01-09T10:26:37+00:00\",\"dateModified\":\"2024-07-04T08:57:01+00:00\",\"description\":\"Die N\u00d6 Informatik-Mittelschule St. Andr\u00e4-W\u00f6rdern bietet ein umfangreiches Angebot. Informatik-Schwerpunkt, Digitales Lernen, erfahren Sie mehr\",\"breadcrumb\":{\"@id\":\"https:\\\/\\\/www.nms-staw.at\\\/wordpress\\\/ausbildung\\\/#breadcrumb\"},\"inLanguage\":\"de-AT\",\"potentialAction\":[{\"@type\":\"ReadAction\",\"target\":[\"https:\\\/\\\/www.nms-staw.at\\\/wordpress\\\/ausbildung\\\/\"]}]},{\"@type\":\"ImageObject\",\"inLanguage\":\"de-AT\",\"@id\":\"https:\\\/\\\/www.nms-staw.at\\\/wordpress\\\/ausbildung\\\/#primaryimage\",\"url\":\"https:\\\/\\\/www.nms-staw.at\\\/wordpress\\\/wp-content\\\/uploads\\\/2024\\\/05\\\/Anmeldung1.jpg\",\"contentUrl\":\"https:\\\/\\\/www.nms-staw.at\\\/wordpress\\\/wp-content\\\/uploads\\\/2024\\\/05\\\/Anmeldung1.jpg\",\"width\":800,\"height\":600},{\"@type\":\"BreadcrumbList\",\"@id\":\"https:\\\/\\\/www.nms-staw.at\\\/wordpress\\\/ausbildung\\\/#breadcrumb\",\"itemListElement\":[{\"@type\":\"ListItem\",\"position\":1,\"name\":\"Startseite\",\"item\":\"https:\\\/\\\/www.nms-staw.at\\\/wordpress\\\/\"},{\"@type\":\"ListItem\",\"position\":2,\"name\":\"AUSBILDUNG\"}]},{\"@type\":\"WebSite\",\"@id\":\"https:\\\/\\\/www.nms-staw.at\\\/wordpress\\\/#website\",\"url\":\"https:\\\/\\\/www.nms-staw.at\\\/wordpress\\\/\",\"name\":\"N\u00d6 Informatik Mittelschule St. Andr\u00e4-W\u00f6rdern\",\"description\":\"Eine weitere WordPress-Website\",\"potentialAction\":[{\"@type\":\"SearchAction\",\"target\":{\"@type\":\"EntryPoint\",\"urlTemplate\":\"https:\\\/\\\/www.nms-staw.at\\\/wordpress\\\/?s={search_term_string}\"},\"query-input\":{\"@type\":\"PropertyValueSpecification\",\"valueRequired\":true,\"valueName\":\"search_term_string\"}}],\"inLanguage\":\"de-AT\"}]}<\/script>\n<!-- \/ Yoast SEO plugin. -->","yoast_head_json":{"title":"AUSBILDUNG - N\u00d6 Informatik Mittelschule St. Andr\u00e4-W\u00f6rdern","description":"Die N\u00d6 Informatik-Mittelschule St. Andr\u00e4-W\u00f6rdern bietet ein umfangreiches Angebot. Informatik-Schwerpunkt, Digitales Lernen, erfahren Sie mehr","robots":{"index":"index","follow":"follow","max-snippet":"max-snippet:-1","max-image-preview":"max-image-preview:large","max-video-preview":"max-video-preview:-1"},"canonical":"https:\/\/www.nms-staw.at\/wordpress\/ausbildung\/","og_locale":"de_DE","og_type":"article","og_title":"AUSBILDUNG - N\u00d6 Informatik Mittelschule St. Andr\u00e4-W\u00f6rdern","og_description":"Die N\u00d6 Informatik-Mittelschule St. Andr\u00e4-W\u00f6rdern bietet ein umfangreiches Angebot. Informatik-Schwerpunkt, Digitales Lernen, erfahren Sie mehr","og_url":"https:\/\/www.nms-staw.at\/wordpress\/ausbildung\/","og_site_name":"N\u00d6 Informatik Mittelschule St. Andr\u00e4-W\u00f6rdern","article_modified_time":"2024-07-04T08:57:01+00:00","og_image":[{"url":"https:\/\/www.nms-staw.at\/wordpress\/wp-content\/uploads\/2024\/05\/Anmeldung1.jpg","type":"","width":"","height":""}],"twitter_card":"summary_large_image","twitter_misc":{"Gesch\u00e4tzte Lesezeit":"2 Minuten"},"schema":{"@context":"https:\/\/schema.org","@graph":[{"@type":"WebPage","@id":"https:\/\/www.nms-staw.at\/wordpress\/ausbildung\/","url":"https:\/\/www.nms-staw.at\/wordpress\/ausbildung\/","name":"AUSBILDUNG - N\u00d6 Informatik Mittelschule St. Andr\u00e4-W\u00f6rdern","isPartOf":{"@id":"https:\/\/www.nms-staw.at\/wordpress\/#website"},"primaryImageOfPage":{"@id":"https:\/\/www.nms-staw.at\/wordpress\/ausbildung\/#primaryimage"},"image":{"@id":"https:\/\/www.nms-staw.at\/wordpress\/ausbildung\/#primaryimage"},"thumbnailUrl":"https:\/\/www.nms-staw.at\/wordpress\/wp-content\/uploads\/2024\/05\/Anmeldung1.jpg","datePublished":"2024-01-09T10:26:37+00:00","dateModified":"2024-07-04T08:57:01+00:00","description":"Die N\u00d6 Informatik-Mittelschule St. Andr\u00e4-W\u00f6rdern bietet ein umfangreiches Angebot. Informatik-Schwerpunkt, Digitales Lernen, erfahren Sie mehr","breadcrumb":{"@id":"https:\/\/www.nms-staw.at\/wordpress\/ausbildung\/#breadcrumb"},"inLanguage":"de-AT","potentialAction":[{"@type":"ReadAction","target":["https:\/\/www.nms-staw.at\/wordpress\/ausbildung\/"]}]},{"@type":"ImageObject","inLanguage":"de-AT","@id":"https:\/\/www.nms-staw.at\/wordpress\/ausbildung\/#primaryimage","url":"https:\/\/www.nms-staw.at\/wordpress\/wp-content\/uploads\/2024\/05\/Anmeldung1.jpg","contentUrl":"https:\/\/www.nms-staw.at\/wordpress\/wp-content\/uploads\/2024\/05\/Anmeldung1.jpg","width":800,"height":600},{"@type":"BreadcrumbList","@id":"https:\/\/www.nms-staw.at\/wordpress\/ausbildung\/#breadcrumb","itemListElement":[{"@type":"ListItem","position":1,"name":"Startseite","item":"https:\/\/www.nms-staw.at\/wordpress\/"},{"@type":"ListItem","position":2,"name":"AUSBILDUNG"}]},{"@type":"WebSite","@id":"https:\/\/www.nms-staw.at\/wordpress\/#website","url":"https:\/\/www.nms-staw.at\/wordpress\/","name":"N\u00d6 Informatik Mittelschule St. Andr\u00e4-W\u00f6rdern","description":"Eine weitere WordPress-Website","potentialAction":[{"@type":"SearchAction","target":{"@type":"EntryPoint","urlTemplate":"https:\/\/www.nms-staw.at\/wordpress\/?s={search_term_string}"},"query-input":{"@type":"PropertyValueSpecification","valueRequired":true,"valueName":"search_term_string"}}],"inLanguage":"de-AT"}]}},"_links":{"self":[{"href":"https:\/\/www.nms-staw.at\/wordpress\/wp-json\/wp\/v2\/pages\/131","targetHints":{"allow":["GET"]}}],"collection":[{"href":"https:\/\/www.nms-staw.at\/wordpress\/wp-json\/wp\/v2\/pages"}],"about":[{"href":"https:\/\/www.nms-staw.at\/wordpress\/wp-json\/wp\/v2\/types\/page"}],"author":[{"embeddable":true,"href":"https:\/\/www.nms-staw.at\/wordpress\/wp-json\/wp\/v2\/users\/1"}],"replies":[{"embeddable":true,"href":"https:\/\/www.nms-staw.at\/wordpress\/wp-json\/wp\/v2\/comments?post=131"}],"version-history":[{"count":2,"href":"https:\/\/www.nms-staw.at\/wordpress\/wp-json\/wp\/v2\/pages\/131\/revisions"}],"predecessor-version":[{"id":695,"href":"https:\/\/www.nms-staw.at\/wordpress\/wp-json\/wp\/v2\/pages\/131\/revisions\/695"}],"wp:attachment":[{"href":"https:\/\/www.nms-staw.at\/wordpress\/wp-json\/wp\/v2\/media?parent=131"}],"curies":[{"name":"wp","href":"https:\/\/api.w.org\/{rel}","templated":true}]}}