{"id":126,"date":"2024-01-09T11:14:08","date_gmt":"2024-01-09T10:14:08","guid":{"rendered":"https:\/\/www.hps-consulting.at\/?page_id=126"},"modified":"2024-05-27T16:52:17","modified_gmt":"2024-05-27T14:52:17","slug":"aktuelles","status":"publish","type":"page","link":"https:\/\/www.nms-staw.at\/wordpress\/aktuelles\/","title":{"rendered":"AKTUELLES"},"content":{"rendered":"<h3>Info &amp; News<\/h3>\n<h2>\u00a0AKTUELLES<\/h2>\n<h3>Ausfl\u00fcge, Exkursionen, Wandertage und Hightlights des Schuljahres&#8230;<\/h3>\n<p>Hier halten wir Sie \u00fcber Aktuelles und News aus der MS St. Andr\u00e4-W\u00f6rdern gerne auf dem Laufenden.<\/p>\n<p>18. Mai 2024<a href=\"https:\/\/www.nms-staw.at\/wordpress\/2024\/05\/18\/geister-gespenster-und-vampire-gruseliges-wien\/\"><img decoding=\"async\" src=\"https:\/\/www.nms-staw.at\/wordpress\/wp-content\/uploads\/2024\/05\/MicrosoftTeams-image-152-768x720.jpg\" alt=\"\" \/><\/a><a href=\"https:\/\/www.nms-staw.at\/wordpress\/wp-content\/uploads\/2024\/05\/MicrosoftTeams-image-152.jpg\">.path{fill:none;stroke:#333;stroke-miterlimit:10;stroke-width:1.5px;}<\/a><a href=\"https:\/\/www.nms-staw.at\/wordpress\/2024\/05\/18\/geister-gespenster-und-vampire-gruseliges-wien\/\">.path{fill:none;stroke:#333;stroke-miterlimit:10;stroke-width:1.5px;}<\/a> 18. Mai 2024<\/p>\n<h2><a href=\"https:\/\/www.nms-staw.at\/wordpress\/2024\/05\/18\/geister-gespenster-und-vampire-gruseliges-wien\/\">Geister, Gespenster und Vampire \u2013 gruseliges Wien<\/a><\/h2>\n<p>Teig kneten und H\u00e4schen formen. Sichtlich viel Spa\u00df hatten die Kinder in &#8222;Ern\u00e4hrung und Haushalt&#8220;. Do you like it? <a href=\"https:\/\/www.nms-staw.at\/wordpress\/2024\/05\/18\/geister-gespenster-und-vampire-gruseliges-wien\/\">Weiterlesen<\/a>22. April 2024<a href=\"https:\/\/www.nms-staw.at\/wordpress\/2024\/04\/22\/osterliche-stimmung\/\"><img decoding=\"async\" src=\"https:\/\/www.nms-staw.at\/wordpress\/wp-content\/uploads\/2024\/05\/MicrosoftTeams-image-150-960x720.jpg\" alt=\"\" \/><\/a><a href=\"https:\/\/www.nms-staw.at\/wordpress\/wp-content\/uploads\/2024\/05\/MicrosoftTeams-image-150.jpg\">.path{fill:none;stroke:#333;stroke-miterlimit:10;stroke-width:1.5px;}<\/a><a href=\"https:\/\/www.nms-staw.at\/wordpress\/2024\/04\/22\/osterliche-stimmung\/\">.path{fill:none;stroke:#333;stroke-miterlimit:10;stroke-width:1.5px;}<\/a> 22. April 2024<\/p>\n<h2><a href=\"https:\/\/www.nms-staw.at\/wordpress\/2024\/04\/22\/osterliche-stimmung\/\">\u00d6sterliche Stimmung<\/a><\/h2>\n<p>Teig kneten und H\u00e4schen formen. Sichtlich viel Spa\u00df hatten die Kinder in &#8222;Ern\u00e4hrung und Haushalt&#8220;. Do you like it? <a href=\"https:\/\/www.nms-staw.at\/wordpress\/2024\/04\/22\/osterliche-stimmung\/\">Weiterlesen<\/a>21. April 2024<a href=\"https:\/\/www.nms-staw.at\/wordpress\/2024\/04\/21\/trickfilm-regisseure-von-morgen\/\"><img decoding=\"async\" src=\"https:\/\/www.nms-staw.at\/wordpress\/wp-content\/uploads\/2024\/05\/MicrosoftTeams-image-148-576x720.jpg\" alt=\"\" \/><\/a><a href=\"https:\/\/www.nms-staw.at\/wordpress\/wp-content\/uploads\/2024\/05\/MicrosoftTeams-image-148.jpg\">.path{fill:none;stroke:#333;stroke-miterlimit:10;stroke-width:1.5px;}<\/a><a href=\"https:\/\/www.nms-staw.at\/wordpress\/2024\/04\/21\/trickfilm-regisseure-von-morgen\/\">.path{fill:none;stroke:#333;stroke-miterlimit:10;stroke-width:1.5px;}<\/a> 21. April 2024<\/p>\n<h2><a href=\"https:\/\/www.nms-staw.at\/wordpress\/2024\/04\/21\/trickfilm-regisseure-von-morgen\/\">Trickfilm Regisseure von morgen<\/a><\/h2>\n<p>Ende Februar 2024 nahmen die Sch\u00fcler und Sch\u00fclerinnen der 2a aus der N\u00d6MS St. Andr\u00e4-W\u00f6rdern mit gro\u00dfem Engagement an einem Trickfilm- Workshop teil. Do you like it? <a href=\"https:\/\/www.nms-staw.at\/wordpress\/2024\/04\/21\/trickfilm-regisseure-von-morgen\/\">Weiterlesen<\/a>20. April 2024<a href=\"https:\/\/www.nms-staw.at\/wordpress\/2024\/04\/20\/berufsorientierung-in-der-4-klasse\/\"><img decoding=\"async\" src=\"https:\/\/www.nms-staw.at\/wordpress\/wp-content\/uploads\/2024\/05\/MicrosoftTeams-image-119-768x720.jpg\" alt=\"\" \/><\/a><a href=\"https:\/\/www.nms-staw.at\/wordpress\/wp-content\/uploads\/2024\/05\/MicrosoftTeams-image-119.jpg\">.path{fill:none;stroke:#333;stroke-miterlimit:10;stroke-width:1.5px;}<\/a><a href=\"https:\/\/www.nms-staw.at\/wordpress\/2024\/04\/20\/berufsorientierung-in-der-4-klasse\/\">.path{fill:none;stroke:#333;stroke-miterlimit:10;stroke-width:1.5px;}<\/a> 20. April 2024<\/p>\n<h2><a href=\"https:\/\/www.nms-staw.at\/wordpress\/2024\/04\/20\/berufsorientierung-in-der-4-klasse\/\">Berufsorientierung in der 4. Klasse<\/a><\/h2>\n<p>Bewerbungsworkshop im BIS (AMS Tulln) | Betriebserkundung der \u00d6BB Lehrwerkst\u00e4tte in Wien | Berufspraktische TageDo you like it? <a href=\"https:\/\/www.nms-staw.at\/wordpress\/2024\/04\/20\/berufsorientierung-in-der-4-klasse\/\">Weiterlesen<\/a><\/p>\n","protected":false},"excerpt":{"rendered":"<p>Info &amp; News \u00a0AKTUELLES Ausfl\u00fcge, Exkursionen, Wandertage und Hightlights des Schuljahres&#8230; Hier halten wir Sie \u00fcber Aktuelles und News aus der MS St. Andr\u00e4-W\u00f6rdern gerne auf<span class=\"excerpt-hellip\"> [\u2026]<\/span><\/p>\n","protected":false},"author":1,"featured_media":0,"parent":0,"menu_order":0,"comment_status":"open","ping_status":"closed","template":"","meta":{"footnotes":""},"class_list":["post-126","page","type-page","status-publish","hentry"],"yoast_head":"<!-- This site is optimized with the Yoast SEO plugin v27.2 - https:\/\/yoast.com\/product\/yoast-seo-wordpress\/ -->\n<title>AKTUELLES - N\u00d6 Informatik Mittelschule St. Andr\u00e4-W\u00f6rdern<\/title>\n<meta name=\"description\" content=\"Ausfl\u00fcge, Exkursionen, Wandertage und Hightlights des Schuljahres... Lesen Sie hier mehr \u00fcber aktuelle Aktivit\u00e4ten der IT MS St. Andr\u00e4 W\u00f6rdern\" \/>\n<meta name=\"robots\" content=\"index, follow, max-snippet:-1, max-image-preview:large, max-video-preview:-1\" \/>\n<link rel=\"canonical\" href=\"https:\/\/www.nms-staw.at\/wordpress\/aktuelles\/\" \/>\n<meta property=\"og:locale\" content=\"de_DE\" \/>\n<meta property=\"og:type\" content=\"article\" \/>\n<meta property=\"og:title\" content=\"AKTUELLES - N\u00d6 Informatik Mittelschule St. Andr\u00e4-W\u00f6rdern\" \/>\n<meta property=\"og:description\" content=\"Ausfl\u00fcge, Exkursionen, Wandertage und Hightlights des Schuljahres... Lesen Sie hier mehr \u00fcber aktuelle Aktivit\u00e4ten der IT MS St. Andr\u00e4 W\u00f6rdern\" \/>\n<meta property=\"og:url\" content=\"https:\/\/www.nms-staw.at\/wordpress\/aktuelles\/\" \/>\n<meta property=\"og:site_name\" content=\"N\u00d6 Informatik Mittelschule St. Andr\u00e4-W\u00f6rdern\" \/>\n<meta property=\"article:modified_time\" content=\"2024-05-27T14:52:17+00:00\" \/>\n<meta property=\"og:image\" content=\"https:\/\/www.nms-staw.at\/wordpress\/wp-content\/uploads\/2024\/05\/MicrosoftTeams-image-152-768x720.jpg\" \/>\n<meta name=\"twitter:card\" content=\"summary_large_image\" \/>\n<meta name=\"twitter:label1\" content=\"Gesch\u00e4tzte Lesezeit\" \/>\n\t<meta name=\"twitter:data1\" content=\"2 Minuten\" \/>\n<script type=\"application\/ld+json\" class=\"yoast-schema-graph\">{\"@context\":\"https:\/\/schema.org\",\"@graph\":[{\"@type\":\"WebPage\",\"@id\":\"https:\/\/www.nms-staw.at\/wordpress\/aktuelles\/\",\"url\":\"https:\/\/www.nms-staw.at\/wordpress\/aktuelles\/\",\"name\":\"AKTUELLES - N\u00d6 Informatik Mittelschule St. Andr\u00e4-W\u00f6rdern\",\"isPartOf\":{\"@id\":\"https:\/\/www.nms-staw.at\/wordpress\/#website\"},\"primaryImageOfPage\":{\"@id\":\"https:\/\/www.nms-staw.at\/wordpress\/aktuelles\/#primaryimage\"},\"image\":{\"@id\":\"https:\/\/www.nms-staw.at\/wordpress\/aktuelles\/#primaryimage\"},\"thumbnailUrl\":\"https:\/\/www.nms-staw.at\/wordpress\/wp-content\/uploads\/2024\/05\/MicrosoftTeams-image-152-768x720.jpg\",\"datePublished\":\"2024-01-09T10:14:08+00:00\",\"dateModified\":\"2024-05-27T14:52:17+00:00\",\"description\":\"Ausfl\u00fcge, Exkursionen, Wandertage und Hightlights des Schuljahres... Lesen Sie hier mehr \u00fcber aktuelle Aktivit\u00e4ten der IT MS St. Andr\u00e4 W\u00f6rdern\",\"breadcrumb\":{\"@id\":\"https:\/\/www.nms-staw.at\/wordpress\/aktuelles\/#breadcrumb\"},\"inLanguage\":\"de-AT\",\"potentialAction\":[{\"@type\":\"ReadAction\",\"target\":[\"https:\/\/www.nms-staw.at\/wordpress\/aktuelles\/\"]}]},{\"@type\":\"ImageObject\",\"inLanguage\":\"de-AT\",\"@id\":\"https:\/\/www.nms-staw.at\/wordpress\/aktuelles\/#primaryimage\",\"url\":\"\",\"contentUrl\":\"\"},{\"@type\":\"BreadcrumbList\",\"@id\":\"https:\/\/www.nms-staw.at\/wordpress\/aktuelles\/#breadcrumb\",\"itemListElement\":[{\"@type\":\"ListItem\",\"position\":1,\"name\":\"Startseite\",\"item\":\"https:\/\/www.nms-staw.at\/wordpress\/\"},{\"@type\":\"ListItem\",\"position\":2,\"name\":\"AKTUELLES\"}]},{\"@type\":\"WebSite\",\"@id\":\"https:\/\/www.nms-staw.at\/wordpress\/#website\",\"url\":\"https:\/\/www.nms-staw.at\/wordpress\/\",\"name\":\"N\u00d6 Informatik Mittelschule St. Andr\u00e4-W\u00f6rdern\",\"description\":\"Eine weitere WordPress-Website\",\"potentialAction\":[{\"@type\":\"SearchAction\",\"target\":{\"@type\":\"EntryPoint\",\"urlTemplate\":\"https:\/\/www.nms-staw.at\/wordpress\/?s={search_term_string}\"},\"query-input\":{\"@type\":\"PropertyValueSpecification\",\"valueRequired\":true,\"valueName\":\"search_term_string\"}}],\"inLanguage\":\"de-AT\"}]}<\/script>\n<!-- \/ Yoast SEO plugin. -->","yoast_head_json":{"title":"AKTUELLES - N\u00d6 Informatik Mittelschule St. Andr\u00e4-W\u00f6rdern","description":"Ausfl\u00fcge, Exkursionen, Wandertage und Hightlights des Schuljahres... Lesen Sie hier mehr \u00fcber aktuelle Aktivit\u00e4ten der IT MS St. Andr\u00e4 W\u00f6rdern","robots":{"index":"index","follow":"follow","max-snippet":"max-snippet:-1","max-image-preview":"max-image-preview:large","max-video-preview":"max-video-preview:-1"},"canonical":"https:\/\/www.nms-staw.at\/wordpress\/aktuelles\/","og_locale":"de_DE","og_type":"article","og_title":"AKTUELLES - N\u00d6 Informatik Mittelschule St. Andr\u00e4-W\u00f6rdern","og_description":"Ausfl\u00fcge, Exkursionen, Wandertage und Hightlights des Schuljahres... Lesen Sie hier mehr \u00fcber aktuelle Aktivit\u00e4ten der IT MS St. Andr\u00e4 W\u00f6rdern","og_url":"https:\/\/www.nms-staw.at\/wordpress\/aktuelles\/","og_site_name":"N\u00d6 Informatik Mittelschule St. Andr\u00e4-W\u00f6rdern","article_modified_time":"2024-05-27T14:52:17+00:00","og_image":[{"url":"https:\/\/www.nms-staw.at\/wordpress\/wp-content\/uploads\/2024\/05\/MicrosoftTeams-image-152-768x720.jpg","type":"","width":"","height":""}],"twitter_card":"summary_large_image","twitter_misc":{"Gesch\u00e4tzte Lesezeit":"2 Minuten"},"schema":{"@context":"https:\/\/schema.org","@graph":[{"@type":"WebPage","@id":"https:\/\/www.nms-staw.at\/wordpress\/aktuelles\/","url":"https:\/\/www.nms-staw.at\/wordpress\/aktuelles\/","name":"AKTUELLES - N\u00d6 Informatik Mittelschule St. Andr\u00e4-W\u00f6rdern","isPartOf":{"@id":"https:\/\/www.nms-staw.at\/wordpress\/#website"},"primaryImageOfPage":{"@id":"https:\/\/www.nms-staw.at\/wordpress\/aktuelles\/#primaryimage"},"image":{"@id":"https:\/\/www.nms-staw.at\/wordpress\/aktuelles\/#primaryimage"},"thumbnailUrl":"https:\/\/www.nms-staw.at\/wordpress\/wp-content\/uploads\/2024\/05\/MicrosoftTeams-image-152-768x720.jpg","datePublished":"2024-01-09T10:14:08+00:00","dateModified":"2024-05-27T14:52:17+00:00","description":"Ausfl\u00fcge, Exkursionen, Wandertage und Hightlights des Schuljahres... Lesen Sie hier mehr \u00fcber aktuelle Aktivit\u00e4ten der IT MS St. Andr\u00e4 W\u00f6rdern","breadcrumb":{"@id":"https:\/\/www.nms-staw.at\/wordpress\/aktuelles\/#breadcrumb"},"inLanguage":"de-AT","potentialAction":[{"@type":"ReadAction","target":["https:\/\/www.nms-staw.at\/wordpress\/aktuelles\/"]}]},{"@type":"ImageObject","inLanguage":"de-AT","@id":"https:\/\/www.nms-staw.at\/wordpress\/aktuelles\/#primaryimage","url":"","contentUrl":""},{"@type":"BreadcrumbList","@id":"https:\/\/www.nms-staw.at\/wordpress\/aktuelles\/#breadcrumb","itemListElement":[{"@type":"ListItem","position":1,"name":"Startseite","item":"https:\/\/www.nms-staw.at\/wordpress\/"},{"@type":"ListItem","position":2,"name":"AKTUELLES"}]},{"@type":"WebSite","@id":"https:\/\/www.nms-staw.at\/wordpress\/#website","url":"https:\/\/www.nms-staw.at\/wordpress\/","name":"N\u00d6 Informatik Mittelschule St. Andr\u00e4-W\u00f6rdern","description":"Eine weitere WordPress-Website","potentialAction":[{"@type":"SearchAction","target":{"@type":"EntryPoint","urlTemplate":"https:\/\/www.nms-staw.at\/wordpress\/?s={search_term_string}"},"query-input":{"@type":"PropertyValueSpecification","valueRequired":true,"valueName":"search_term_string"}}],"inLanguage":"de-AT"}]}},"_links":{"self":[{"href":"https:\/\/www.nms-staw.at\/wordpress\/wp-json\/wp\/v2\/pages\/126","targetHints":{"allow":["GET"]}}],"collection":[{"href":"https:\/\/www.nms-staw.at\/wordpress\/wp-json\/wp\/v2\/pages"}],"about":[{"href":"https:\/\/www.nms-staw.at\/wordpress\/wp-json\/wp\/v2\/types\/page"}],"author":[{"embeddable":true,"href":"https:\/\/www.nms-staw.at\/wordpress\/wp-json\/wp\/v2\/users\/1"}],"replies":[{"embeddable":true,"href":"https:\/\/www.nms-staw.at\/wordpress\/wp-json\/wp\/v2\/comments?post=126"}],"version-history":[{"count":5,"href":"https:\/\/www.nms-staw.at\/wordpress\/wp-json\/wp\/v2\/pages\/126\/revisions"}],"predecessor-version":[{"id":581,"href":"https:\/\/www.nms-staw.at\/wordpress\/wp-json\/wp\/v2\/pages\/126\/revisions\/581"}],"wp:attachment":[{"href":"https:\/\/www.nms-staw.at\/wordpress\/wp-json\/wp\/v2\/media?parent=126"}],"curies":[{"name":"wp","href":"https:\/\/api.w.org\/{rel}","templated":true}]}}