{"id":1216,"date":"2026-04-27T08:20:54","date_gmt":"2026-04-27T06:20:54","guid":{"rendered":"https:\/\/www.nms-staw.at\/wordpress\/?page_id=1216"},"modified":"2026-04-27T08:24:58","modified_gmt":"2026-04-27T06:24:58","slug":"schulsozialarbeit","status":"publish","type":"page","link":"https:\/\/www.nms-staw.at\/wordpress\/schulsozialarbeit\/","title":{"rendered":"SCHULSOZIALARBEIT"},"content":{"rendered":"<p>\u00a0<\/p>\n<h2>Das Team<\/h2>\n<p>in Arbeit!<\/p>\n\n\n<p><\/p>\n","protected":false},"excerpt":{"rendered":"<p>\u00a0 Das Team in Arbeit!<\/p>\n","protected":false},"author":5,"featured_media":0,"parent":0,"menu_order":0,"comment_status":"open","ping_status":"closed","template":"","meta":{"footnotes":""},"class_list":["post-1216","page","type-page","status-publish","hentry"],"yoast_head":"<!-- This site is optimized with the Yoast SEO plugin v27.4 - https:\/\/yoast.com\/product\/yoast-seo-wordpress\/ -->\n<title>SCHULSOZIALARBEIT - N\u00d6 Informatik Mittelschule St. Andr\u00e4-W\u00f6rdern<\/title>\n<meta name=\"description\" content=\"Elternverein der N\u00d6 Informatik Mittelschule St. Andr\u00e4-W\u00f6rdern. Das Team des Vorstands stellt sich vor. Mehr Infos zur Arbeit des Elternvereins\" \/>\n<meta name=\"robots\" content=\"index, follow, max-snippet:-1, max-image-preview:large, max-video-preview:-1\" \/>\n<link rel=\"canonical\" href=\"https:\/\/www.nms-staw.at\/wordpress\/schulsozialarbeit\/\" \/>\n<meta property=\"og:locale\" content=\"de_DE\" \/>\n<meta property=\"og:type\" content=\"article\" \/>\n<meta property=\"og:title\" content=\"SCHULSOZIALARBEIT - N\u00d6 Informatik Mittelschule St. Andr\u00e4-W\u00f6rdern\" \/>\n<meta property=\"og:description\" content=\"Elternverein der N\u00d6 Informatik Mittelschule St. Andr\u00e4-W\u00f6rdern. Das Team des Vorstands stellt sich vor. Mehr Infos zur Arbeit des Elternvereins\" \/>\n<meta property=\"og:url\" content=\"https:\/\/www.nms-staw.at\/wordpress\/schulsozialarbeit\/\" \/>\n<meta property=\"og:site_name\" content=\"N\u00d6 Informatik Mittelschule St. Andr\u00e4-W\u00f6rdern\" \/>\n<meta property=\"article:modified_time\" content=\"2026-04-27T06:24:58+00:00\" \/>\n<meta name=\"twitter:card\" content=\"summary_large_image\" \/>\n<script type=\"application\/ld+json\" class=\"yoast-schema-graph\">{\"@context\":\"https:\\\/\\\/schema.org\",\"@graph\":[{\"@type\":\"WebPage\",\"@id\":\"https:\\\/\\\/www.nms-staw.at\\\/wordpress\\\/schulsozialarbeit\\\/\",\"url\":\"https:\\\/\\\/www.nms-staw.at\\\/wordpress\\\/schulsozialarbeit\\\/\",\"name\":\"SCHULSOZIALARBEIT - N\u00d6 Informatik Mittelschule St. Andr\u00e4-W\u00f6rdern\",\"isPartOf\":{\"@id\":\"https:\\\/\\\/www.nms-staw.at\\\/wordpress\\\/#website\"},\"datePublished\":\"2026-04-27T06:20:54+00:00\",\"dateModified\":\"2026-04-27T06:24:58+00:00\",\"description\":\"Elternverein der N\u00d6 Informatik Mittelschule St. Andr\u00e4-W\u00f6rdern. Das Team des Vorstands stellt sich vor. Mehr Infos zur Arbeit des Elternvereins\",\"breadcrumb\":{\"@id\":\"https:\\\/\\\/www.nms-staw.at\\\/wordpress\\\/schulsozialarbeit\\\/#breadcrumb\"},\"inLanguage\":\"de-AT\",\"potentialAction\":[{\"@type\":\"ReadAction\",\"target\":[\"https:\\\/\\\/www.nms-staw.at\\\/wordpress\\\/schulsozialarbeit\\\/\"]}]},{\"@type\":\"BreadcrumbList\",\"@id\":\"https:\\\/\\\/www.nms-staw.at\\\/wordpress\\\/schulsozialarbeit\\\/#breadcrumb\",\"itemListElement\":[{\"@type\":\"ListItem\",\"position\":1,\"name\":\"Startseite\",\"item\":\"https:\\\/\\\/www.nms-staw.at\\\/wordpress\\\/\"},{\"@type\":\"ListItem\",\"position\":2,\"name\":\"SCHULSOZIALARBEIT\"}]},{\"@type\":\"WebSite\",\"@id\":\"https:\\\/\\\/www.nms-staw.at\\\/wordpress\\\/#website\",\"url\":\"https:\\\/\\\/www.nms-staw.at\\\/wordpress\\\/\",\"name\":\"N\u00d6 Informatik Mittelschule St. Andr\u00e4-W\u00f6rdern\",\"description\":\"Eine weitere WordPress-Website\",\"potentialAction\":[{\"@type\":\"SearchAction\",\"target\":{\"@type\":\"EntryPoint\",\"urlTemplate\":\"https:\\\/\\\/www.nms-staw.at\\\/wordpress\\\/?s={search_term_string}\"},\"query-input\":{\"@type\":\"PropertyValueSpecification\",\"valueRequired\":true,\"valueName\":\"search_term_string\"}}],\"inLanguage\":\"de-AT\"}]}<\/script>\n<!-- \/ Yoast SEO plugin. -->","yoast_head_json":{"title":"SCHULSOZIALARBEIT - N\u00d6 Informatik Mittelschule St. Andr\u00e4-W\u00f6rdern","description":"Elternverein der N\u00d6 Informatik Mittelschule St. Andr\u00e4-W\u00f6rdern. Das Team des Vorstands stellt sich vor. Mehr Infos zur Arbeit des Elternvereins","robots":{"index":"index","follow":"follow","max-snippet":"max-snippet:-1","max-image-preview":"max-image-preview:large","max-video-preview":"max-video-preview:-1"},"canonical":"https:\/\/www.nms-staw.at\/wordpress\/schulsozialarbeit\/","og_locale":"de_DE","og_type":"article","og_title":"SCHULSOZIALARBEIT - N\u00d6 Informatik Mittelschule St. Andr\u00e4-W\u00f6rdern","og_description":"Elternverein der N\u00d6 Informatik Mittelschule St. Andr\u00e4-W\u00f6rdern. Das Team des Vorstands stellt sich vor. Mehr Infos zur Arbeit des Elternvereins","og_url":"https:\/\/www.nms-staw.at\/wordpress\/schulsozialarbeit\/","og_site_name":"N\u00d6 Informatik Mittelschule St. Andr\u00e4-W\u00f6rdern","article_modified_time":"2026-04-27T06:24:58+00:00","twitter_card":"summary_large_image","schema":{"@context":"https:\/\/schema.org","@graph":[{"@type":"WebPage","@id":"https:\/\/www.nms-staw.at\/wordpress\/schulsozialarbeit\/","url":"https:\/\/www.nms-staw.at\/wordpress\/schulsozialarbeit\/","name":"SCHULSOZIALARBEIT - N\u00d6 Informatik Mittelschule St. Andr\u00e4-W\u00f6rdern","isPartOf":{"@id":"https:\/\/www.nms-staw.at\/wordpress\/#website"},"datePublished":"2026-04-27T06:20:54+00:00","dateModified":"2026-04-27T06:24:58+00:00","description":"Elternverein der N\u00d6 Informatik Mittelschule St. Andr\u00e4-W\u00f6rdern. Das Team des Vorstands stellt sich vor. Mehr Infos zur Arbeit des Elternvereins","breadcrumb":{"@id":"https:\/\/www.nms-staw.at\/wordpress\/schulsozialarbeit\/#breadcrumb"},"inLanguage":"de-AT","potentialAction":[{"@type":"ReadAction","target":["https:\/\/www.nms-staw.at\/wordpress\/schulsozialarbeit\/"]}]},{"@type":"BreadcrumbList","@id":"https:\/\/www.nms-staw.at\/wordpress\/schulsozialarbeit\/#breadcrumb","itemListElement":[{"@type":"ListItem","position":1,"name":"Startseite","item":"https:\/\/www.nms-staw.at\/wordpress\/"},{"@type":"ListItem","position":2,"name":"SCHULSOZIALARBEIT"}]},{"@type":"WebSite","@id":"https:\/\/www.nms-staw.at\/wordpress\/#website","url":"https:\/\/www.nms-staw.at\/wordpress\/","name":"N\u00d6 Informatik Mittelschule St. Andr\u00e4-W\u00f6rdern","description":"Eine weitere WordPress-Website","potentialAction":[{"@type":"SearchAction","target":{"@type":"EntryPoint","urlTemplate":"https:\/\/www.nms-staw.at\/wordpress\/?s={search_term_string}"},"query-input":{"@type":"PropertyValueSpecification","valueRequired":true,"valueName":"search_term_string"}}],"inLanguage":"de-AT"}]}},"_links":{"self":[{"href":"https:\/\/www.nms-staw.at\/wordpress\/wp-json\/wp\/v2\/pages\/1216","targetHints":{"allow":["GET"]}}],"collection":[{"href":"https:\/\/www.nms-staw.at\/wordpress\/wp-json\/wp\/v2\/pages"}],"about":[{"href":"https:\/\/www.nms-staw.at\/wordpress\/wp-json\/wp\/v2\/types\/page"}],"author":[{"embeddable":true,"href":"https:\/\/www.nms-staw.at\/wordpress\/wp-json\/wp\/v2\/users\/5"}],"replies":[{"embeddable":true,"href":"https:\/\/www.nms-staw.at\/wordpress\/wp-json\/wp\/v2\/comments?post=1216"}],"version-history":[{"count":2,"href":"https:\/\/www.nms-staw.at\/wordpress\/wp-json\/wp\/v2\/pages\/1216\/revisions"}],"predecessor-version":[{"id":1218,"href":"https:\/\/www.nms-staw.at\/wordpress\/wp-json\/wp\/v2\/pages\/1216\/revisions\/1218"}],"wp:attachment":[{"href":"https:\/\/www.nms-staw.at\/wordpress\/wp-json\/wp\/v2\/media?parent=1216"}],"curies":[{"name":"wp","href":"https:\/\/api.w.org\/{rel}","templated":true}]}}